{"id":108,"date":"2014-08-21T14:44:04","date_gmt":"2014-08-21T13:44:04","guid":{"rendered":"https:\/\/www.robertcoppes.nl\/?page_id=108"},"modified":"2014-09-16T08:21:36","modified_gmt":"2014-09-16T07:21:36","slug":"taalstraat","status":"publish","type":"page","link":"https:\/\/www.opensourcevoormkb.nl\/sandbox2\/clienten\/wonen\/begeleid-wonen\/taalstraat\/","title":{"rendered":"Vijverhof"},"content":{"rendered":"<h1>Vijverhof<\/h1>\n<p>De woonvoorziening Vijverhof in Vught bestaat uit twee geschakelde \u00e9\u00e9ngezinswoningen. Iedere cli\u00ebnt heeft een eigen zit\/slaapkamer en maakt daarnaast gebruik van de gemeenschappelijke keuken, woonkamer en eetkamer. Ook de doucheruimtes en was- en droogvoorzieningen worden gemeenschappelijk gebruikt. Openbare voorzieningen zoals bus en winkels zijn op loopafstand. Vijverhof ligt vlakbij het winkelcentrum \u2018Moleneind\u2019.<br \/>\nBij Vijverhof komt de begeleiding, na afspraak met bewoners, op bepaalde tijden langs. De begeleiding is individueel en groepsgericht. In de nacht en weekenden kan men terugvallen op woonvoorziening de Steenweg die de achterwachtfunctie .<\/p>\n<p>Op de locatie Vijverhof kun je <a title=\"Begeleid wonen (voor clienten)\" href=\"https:\/\/www.opensourcevoormkb.nl\/sandbox2\/clienten\/wonen\/begeleid-wonen\">Begeleid wonen<\/a>.<\/p>\n","protected":false},"excerpt":{"rendered":"<p>Vijverhof De woonvoorziening Vijverhof in Vught bestaat uit twee geschakelde [&hellip;]<\/p>\n","protected":false},"author":8,"featured_media":0,"parent":80,"menu_order":0,"comment_status":"open","ping_status":"open","template":"","meta":{"inline_featured_image":false,"footnotes":""},"class_list":["post-108","page","type-page","status-publish","hentry"],"_links":{"self":[{"href":"https:\/\/www.opensourcevoormkb.nl\/sandbox2\/wp-json\/wp\/v2\/pages\/108","targetHints":{"allow":["GET"]}}],"collection":[{"href":"https:\/\/www.opensourcevoormkb.nl\/sandbox2\/wp-json\/wp\/v2\/pages"}],"about":[{"href":"https:\/\/www.opensourcevoormkb.nl\/sandbox2\/wp-json\/wp\/v2\/types\/page"}],"author":[{"embeddable":true,"href":"https:\/\/www.opensourcevoormkb.nl\/sandbox2\/wp-json\/wp\/v2\/users\/8"}],"replies":[{"embeddable":true,"href":"https:\/\/www.opensourcevoormkb.nl\/sandbox2\/wp-json\/wp\/v2\/comments?post=108"}],"version-history":[{"count":8,"href":"https:\/\/www.opensourcevoormkb.nl\/sandbox2\/wp-json\/wp\/v2\/pages\/108\/revisions"}],"predecessor-version":[{"id":4048,"href":"https:\/\/www.opensourcevoormkb.nl\/sandbox2\/wp-json\/wp\/v2\/pages\/108\/revisions\/4048"}],"up":[{"embeddable":true,"href":"https:\/\/www.opensourcevoormkb.nl\/sandbox2\/wp-json\/wp\/v2\/pages\/80"}],"wp:attachment":[{"href":"https:\/\/www.opensourcevoormkb.nl\/sandbox2\/wp-json\/wp\/v2\/media?parent=108"}],"curies":[{"name":"wp","href":"https:\/\/api.w.org\/{rel}","templated":true}]}}